{"id":2218,"date":"2026-03-11T16:50:35","date_gmt":"2026-03-11T19:50:35","guid":{"rendered":"https:\/\/zencreative.art\/?post_type=product&#038;p=2218"},"modified":"2026-03-13T10:39:48","modified_gmt":"2026-03-13T13:39:48","slug":"letramento-atividades-de-alfabetizacao-infantil-pt-br","status":"publish","type":"product","link":"https:\/\/zencreative.art\/pt\/letramento-atividades-de-alfabetizacao-infantil-pt-br\/","title":{"rendered":"Letramento Atividades de Alfabetiza\u00e7\u00e3o Infantil Portugu\u00eas BR - PDF"},"content":{"rendered":"<div data-elementor-type=\"wp-post\" data-elementor-id=\"2218\" class=\"elementor elementor-2218\">\n\t\t\t\t<div class=\"elementor-element elementor-element-5dd7a41 e-flex e-con-boxed e-con e-parent\" data-id=\"5dd7a41\" data-element_type=\"container\" data-e-type=\"container\">\n\t\t\t\t\t<div class=\"e-con-inner\">\n\t\t<div class=\"elementor-element elementor-element-f0d4a5d e-con-full e-flex e-con e-child\" data-id=\"f0d4a5d\" data-element_type=\"container\" data-e-type=\"container\">\n\t\t\t\t<div class=\"elementor-element elementor-element-7a16cc4 elementor-widget elementor-widget-heading\" data-id=\"7a16cc4\" data-element_type=\"widget\" data-e-type=\"widget\" data-widget_type=\"heading.default\">\n\t\t\t\t\t<h2 class=\"elementor-heading-title elementor-size-default\">208 P\u00e1ginas com diversas atividades de alfabetiza\u00e7\u00e3o infantil 4-7 anos - Portugu\u00eas BR<\/h2>\t\t\t\t<\/div>\n\t\t\t\t<div class=\"elementor-element elementor-element-c06ae6f elementor-widget elementor-widget-text-editor\" data-id=\"c06ae6f\" data-element_type=\"widget\" data-e-type=\"widget\" data-widget_type=\"text-editor.default\">\n\t\t\t\t\t\t\t\t\t<h3>8 PDFs com atividades de alfabetiza\u00e7\u00e3o infantil<\/h3><ul><li>26 P\u00e1ginas descubra as letras<\/li><li>26 P\u00e1ginas ligando os pontos<\/li><li>26 P\u00e1ginas letras min\u00fasculas e mai\u00fasculas pontilhadas<\/li><li>26 P\u00e1ginas alfabeto mai\u00fasculo pontilhado<\/li><li>26 P\u00e1ginas alfabeto mai\u00fasculo tracejado<\/li><li>26 P\u00e1ginas alfabeto com guia de cores para colorir<\/li><li>26 P\u00e1ginas treino de caligrafia e jogos<\/li><li>26 P\u00e1ginas caligrafia palavras pontilhadas<\/li><\/ul>\t\t\t\t\t\t\t\t<\/div>\n\t\t\t\t<\/div>\n\t\t<div class=\"elementor-element elementor-element-d7684cf e-con-full e-flex e-con e-child\" data-id=\"d7684cf\" data-element_type=\"container\" data-e-type=\"container\">\n\t\t\t\t<div class=\"elementor-element elementor-element-c1b8e21 elementor-widget elementor-widget-video\" data-id=\"c1b8e21\" data-element_type=\"widget\" data-e-type=\"widget\" data-settings=\"{&quot;youtube_url&quot;:&quot;https:\\\/\\\/youtu.be\\\/By6MX_SRY84&quot;,&quot;video_type&quot;:&quot;youtube&quot;,&quot;controls&quot;:&quot;yes&quot;}\" data-widget_type=\"video.default\">\n\t\t\t\t\t\t\t<div class=\"elementor-wrapper elementor-open-inline\">\n\t\t\t<div class=\"elementor-video\"><\/div>\t\t<\/div>\n\t\t\t\t\t\t<\/div>\n\t\t\t\t<\/div>\n\t\t\t\t\t<\/div>\n\t\t\t\t<\/div>\n\t\t<div class=\"elementor-element elementor-element-11886660 e-flex e-con-boxed e-con e-parent\" data-id=\"11886660\" data-element_type=\"container\" data-e-type=\"container\">\n\t\t\t\t\t<div class=\"e-con-inner\">\n\t\t\t\t<div class=\"elementor-element elementor-element-9aa9b34 elementor-widget elementor-widget-heading\" data-id=\"9aa9b34\" data-element_type=\"widget\" data-e-type=\"widget\" data-widget_type=\"heading.default\">\n\t\t\t\t\t<h2 class=\"elementor-heading-title elementor-size-default\">Benef\u00edcios das atividades de alfabetiza\u00e7\u00e3o infantil PDF<\/h2>\t\t\t\t<\/div>\n\t\t\t\t<div class=\"elementor-element elementor-element-61debdd2 elementor-widget elementor-widget-text-editor\" data-id=\"61debdd2\" data-element_type=\"widget\" data-e-type=\"widget\" data-widget_type=\"text-editor.default\">\n\t\t\t\t\t\t\t\t\t<ul><li>Acesso imediato ap\u00f3s a confirma\u00e7\u00e3o do pagamento<\/li><li>Download f\u00e1cil e ilimitado por 12 meses<\/li><li>Imagens em alta resolu\u00e7\u00e3o aprimoradas com iA<\/li><li>PDF sem marcas d'\u00e1gua nas imagens<\/li><li>Imprim\u00edvel nos formatos A4 (21x30cm) ou A5 (15x21cm)<\/li><li>Pode ser impresso para revenda em lojas f\u00edsicas<\/li><li>Perfeito para professores, pais e amantes da arte<\/li><\/ul><p>Ap\u00f3s a confirma\u00e7\u00e3o do pagamento, voc\u00ea poder\u00e1 acessar ao seu pedido pelo Painel do Cliente. Tamb\u00e9m enviaremos uma c\u00f3pia para o seu email.<\/p>\t\t\t\t\t\t\t\t<\/div>\n\t\t\t\t<div class=\"elementor-element elementor-element-304b837 elementor-widget elementor-widget-heading\" data-id=\"304b837\" data-element_type=\"widget\" data-e-type=\"widget\" data-widget_type=\"heading.default\">\n\t\t\t\t\t<h2 class=\"elementor-heading-title elementor-size-default\">Atividades para educa\u00e7\u00e3o infantil e alfabetiza\u00e7\u00e3o<\/h2>\t\t\t\t<\/div>\n\t\t\t\t<div class=\"elementor-element elementor-element-8949c00 elementor-widget elementor-widget-text-editor\" data-id=\"8949c00\" data-element_type=\"widget\" data-e-type=\"widget\" data-widget_type=\"text-editor.default\">\n\t\t\t\t\t\t\t\t\t<p>As atividades para educa\u00e7\u00e3o infantil ajudam no desenvolvimento das crian\u00e7as nos primeiros anos de aprendizagem. Com atividades de alfabetiza\u00e7\u00e3o, atividades educativas e atividades para imprimir, \u00e9 poss\u00edvel estimular habilidades cognitivas, motoras e sociais de forma divertida.<\/p><p>Utilizando jogos educativos, atividades com letras do alfabeto, atividades com n\u00fameros e exerc\u00edcios de coordena\u00e7\u00e3o motora, as crian\u00e7as aprendem de maneira l\u00fadica e desenvolvem interesse pelo aprendizado.<\/p><p>Aqui voc\u00ea encontrar\u00e1 atividades para educa\u00e7\u00e3o infantil para imprimir em PDF, ideais para alfabetiza\u00e7\u00e3o, pr\u00e9-escola e refor\u00e7o escolar, ajudando as crian\u00e7as a aprender de forma simples e criativa.<\/p>\t\t\t\t\t\t\t\t<\/div>\n\t\t\t\t\t<\/div>\n\t\t\t\t<\/div>\n\t\t\t\t<\/div>","protected":false},"excerpt":{"rendered":"<h3>208 P\u00e1ginas com atividades de alfabetiza\u00e7\u00e3o infantil - Letramento Portugu\u00eas BR<\/h3>\n<ul>\n<li>26 P\u00e1ginas descubra as letras<\/li>\n<li>26 P\u00e1ginas ligando os pontos<\/li>\n<li>26 P\u00e1ginas letras min\u00fasculas e mai\u00fasculas pontilhadas<\/li>\n<li>26 P\u00e1ginas alfabeto mai\u00fasculo pontilhado<\/li>\n<li>26 P\u00e1ginas alfabeto mai\u00fasculo tracejado<\/li>\n<li>26 P\u00e1ginas alfabeto com guia de cores para colorir<\/li>\n<li>26 P\u00e1ginas treino de caligrafia e jogos<\/li>\n<li>26 P\u00e1ginas caligrafia palavras pontilhadas<\/li>\n<\/ul>\n<h4>Benef\u00edcios para voc\u00ea<\/h4>\n<ul>\n<li>Download logo ap\u00f3s a confirma\u00e7\u00e3o do pagamento<\/li>\n<li>Download f\u00e1cil e ilimitado por 12 meses<\/li>\n<li>Imagens em alta resolu\u00e7\u00e3o aprimoradas com iA<\/li>\n<li>PDF sem marca d'\u00e1gua nas imagens<\/li>\n<li>Impress\u00f5es nos formatos A4 e A5<\/li>\n<li>Pode imprimir e revender em uma loja f\u00edsica<\/li>\n<\/ul>","protected":false},"featured_media":2219,"template":"","meta":[],"product_brand":[],"product_cat":[215],"product_tag":[],"class_list":{"0":"post-2218","1":"product","2":"type-product","3":"status-publish","4":"has-post-thumbnail","6":"product_cat-kids-education","8":"first","9":"instock","10":"sale","11":"downloadable","12":"virtual","13":"purchasable","14":"product-type-simple"},"_links":{"self":[{"href":"https:\/\/zencreative.art\/pt\/wp-json\/wp\/v2\/product\/2218","targetHints":{"allow":["GET"]}}],"collection":[{"href":"https:\/\/zencreative.art\/pt\/wp-json\/wp\/v2\/product"}],"about":[{"href":"https:\/\/zencreative.art\/pt\/wp-json\/wp\/v2\/types\/product"}],"version-history":[{"count":0,"href":"https:\/\/zencreative.art\/pt\/wp-json\/wp\/v2\/product\/2218\/revisions"}],"wp:featuredmedia":[{"embeddable":true,"href":"https:\/\/zencreative.art\/pt\/wp-json\/wp\/v2\/media\/2219"}],"wp:attachment":[{"href":"https:\/\/zencreative.art\/pt\/wp-json\/wp\/v2\/media?parent=2218"}],"wp:term":[{"taxonomy":"product_brand","embeddable":true,"href":"https:\/\/zencreative.art\/pt\/wp-json\/wp\/v2\/product_brand?post=2218"},{"taxonomy":"product_cat","embeddable":true,"href":"https:\/\/zencreative.art\/pt\/wp-json\/wp\/v2\/product_cat?post=2218"},{"taxonomy":"product_tag","embeddable":true,"href":"https:\/\/zencreative.art\/pt\/wp-json\/wp\/v2\/product_tag?post=2218"}],"curies":[{"name":"wp","href":"https:\/\/api.w.org\/{rel}","templated":true}]}}