{"id":1636,"date":"2026-02-18T17:31:19","date_gmt":"2026-02-18T20:31:19","guid":{"rendered":"https:\/\/zencreative.art\/?post_type=product&#038;p=1636"},"modified":"2026-03-03T09:19:57","modified_gmt":"2026-03-03T12:19:57","slug":"moana-desenhos-para-colorir","status":"publish","type":"product","link":"https:\/\/zencreative.art\/pt\/moana-desenhos-para-colorir\/","title":{"rendered":"Desenhos Moana Princesa Disney Para Colorir - Imprimir PDF"},"content":{"rendered":"<div data-elementor-type=\"wp-post\" data-elementor-id=\"1636\" class=\"elementor elementor-1636\">\n\t\t\t\t<div class=\"elementor-element elementor-element-5dd7a41 e-flex e-con-boxed e-con e-parent\" data-id=\"5dd7a41\" data-element_type=\"container\" data-e-type=\"container\">\n\t\t\t\t\t<div class=\"e-con-inner\">\n\t\t<div class=\"elementor-element elementor-element-f0d4a5d e-con-full e-flex e-con e-child\" data-id=\"f0d4a5d\" data-element_type=\"container\" data-e-type=\"container\">\n\t\t\t\t<div class=\"elementor-element elementor-element-7a16cc4 elementor-widget elementor-widget-heading\" data-id=\"7a16cc4\" data-element_type=\"widget\" data-e-type=\"widget\" data-widget_type=\"heading.default\">\n\t\t\t\t\t<h2 class=\"elementor-heading-title elementor-size-default\">Moana princesa Disney 40 desenhos para colorir infantil<\/h2>\t\t\t\t<\/div>\n\t\t\t\t<div class=\"elementor-element elementor-element-c06ae6f elementor-widget elementor-widget-text-editor\" data-id=\"c06ae6f\" data-element_type=\"widget\" data-e-type=\"widget\" data-widget_type=\"text-editor.default\">\n\t\t\t\t\t\t\t\t\t<p><strong>Desenhos para colorir e pintar<\/strong> n\u00e3o \u00e9 apenas uma atividade divertida, mas tamb\u00e9m uma excelente maneira de estimular o c\u00e9rebro, acalmar a mente, melhorar a coordena\u00e7\u00e3o motora e a criatividade. Voc\u00ea pode criar combina\u00e7\u00f5es de cores \u00fanicas, experimentar diferentes t\u00e9cnicas e deixar sua criatividade fluir.<\/p><p><a href=\"https:\/\/zencreative.art\/free-printable-coloring-pages.pdf\" target=\"_blank\" rel=\"noopener\"><strong>PDF demonstra\u00e7\u00e3o gr\u00e1tis. Baixe aqui!<\/strong><\/a><\/p>\t\t\t\t\t\t\t\t<\/div>\n\t\t\t\t<\/div>\n\t\t<div class=\"elementor-element elementor-element-d7684cf e-con-full e-flex e-con e-child\" data-id=\"d7684cf\" data-element_type=\"container\" data-e-type=\"container\">\n\t\t\t\t<div class=\"elementor-element elementor-element-c1b8e21 elementor-widget elementor-widget-video\" data-id=\"c1b8e21\" data-element_type=\"widget\" data-e-type=\"widget\" data-settings=\"{&quot;youtube_url&quot;:&quot;https:\\\/\\\/youtu.be\\\/By6MX_SRY84&quot;,&quot;video_type&quot;:&quot;youtube&quot;,&quot;controls&quot;:&quot;yes&quot;}\" data-widget_type=\"video.default\">\n\t\t\t\t\t\t\t<div class=\"elementor-wrapper elementor-open-inline\">\n\t\t\t<div class=\"elementor-video\"><\/div>\t\t<\/div>\n\t\t\t\t\t\t<\/div>\n\t\t\t\t<\/div>\n\t\t\t\t\t<\/div>\n\t\t\t\t<\/div>\n\t\t<div class=\"elementor-element elementor-element-11886660 e-flex e-con-boxed e-con e-parent\" data-id=\"11886660\" data-element_type=\"container\" data-e-type=\"container\">\n\t\t\t\t\t<div class=\"e-con-inner\">\n\t\t\t\t<div class=\"elementor-element elementor-element-9aa9b34 elementor-widget elementor-widget-heading\" data-id=\"9aa9b34\" data-element_type=\"widget\" data-e-type=\"widget\" data-widget_type=\"heading.default\">\n\t\t\t\t\t<h2 class=\"elementor-heading-title elementor-size-default\">Benef\u00edcios dos desenhos para colorir infantil - Imprimir PDF<\/h2>\t\t\t\t<\/div>\n\t\t\t\t<div class=\"elementor-element elementor-element-61debdd2 elementor-widget elementor-widget-text-editor\" data-id=\"61debdd2\" data-element_type=\"widget\" data-e-type=\"widget\" data-widget_type=\"text-editor.default\">\n\t\t\t\t\t\t\t\t\t<ul><li>Acesso imediato ap\u00f3s a confirma\u00e7\u00e3o do pagamento<\/li><li>Download f\u00e1cil e ilimitado por 12 meses<\/li><li>Imagens em alta resolu\u00e7\u00e3o aprimoradas com iA<\/li><li>PDF sem marcas d'\u00e1gua nas imagens<\/li><li>Imprim\u00edvel nos formatos A4 (21x30cm) ou A5 (15x21cm)<\/li><li>Pode ser impresso para revenda em lojas f\u00edsicas<\/li><li>Perfeito para professores, pais e amantes da arte<\/li><\/ul><p>Ap\u00f3s a confirma\u00e7\u00e3o do pagamento, voc\u00ea poder\u00e1 acessar ao seu pedido pelo Painel do Cliente. Tamb\u00e9m enviaremos uma c\u00f3pia para o seu email.<\/p>\t\t\t\t\t\t\t\t<\/div>\n\t\t\t\t<div class=\"elementor-element elementor-element-304b837 elementor-widget elementor-widget-heading\" data-id=\"304b837\" data-element_type=\"widget\" data-e-type=\"widget\" data-widget_type=\"heading.default\">\n\t\t\t\t\t<h2 class=\"elementor-heading-title elementor-size-default\">Desenhos para colorir s\u00e3o mais do que apenas uma atividade criativa<\/h2>\t\t\t\t<\/div>\n\t\t\t\t<div class=\"elementor-element elementor-element-8949c00 elementor-widget elementor-widget-text-editor\" data-id=\"8949c00\" data-element_type=\"widget\" data-e-type=\"widget\" data-widget_type=\"text-editor.default\">\n\t\t\t\t\t\t\t\t\t<p>\u00c9 um momento de pausa, concentra\u00e7\u00e3o e presen\u00e7a.<\/p><p>Ao colorir, voc\u00ea acalma a mente, exercita a coordena\u00e7\u00e3o motora e transforma seu tempo livre em um ritual relaxante \u2013 acess\u00edvel a todas as idades e n\u00edveis de experi\u00eancia.<\/p><p>N\u00e3o perca mais tempo procurando imagens aleat\u00f3rias e de baixa qualidade na internet, aqui voc\u00ea encontrar\u00e1 cole\u00e7\u00f5es cuidadosamente organizadas com temas criados para inspirar calma, criatividade e bem-estar - tudo em um s\u00f3 lugar.<\/p><p>Certamente voc\u00ea vai gostar dessa cole\u00e7\u00e3o de desenhos para para colorir - imprimir PDF.<\/p>\t\t\t\t\t\t\t\t<\/div>\n\t\t\t\t\t<\/div>\n\t\t\t\t<\/div>\n\t\t\t\t<\/div>","protected":false},"excerpt":{"rendered":"<h3>40 Coloring pages for kids &#8211; Moana<\/h3>\n<p>\ud83e\udde0 Colorir desenhos \u00e9 uma pausa criativa. Uma maneira simples de desacelerar, relaxar e transformar o tempo em presen\u00e7a.<\/p>\n<p>\ud83d\ude0c Chega de perder tempo procurando imagens aleat\u00f3rias e de baixa qualidade na internet. Aqui voc\u00ea encontrar\u00e1 cole\u00e7\u00f5es cuidadosamente selecionadas \u2013 tudo em um s\u00f3 lugar.<\/p>\n<h4>Benef\u00edcios para voc\u00ea<\/h4>\n<ul>\n<li>Download logo ap\u00f3s a confirma\u00e7\u00e3o do pagamento<\/li>\n<li>Download f\u00e1cil e ilimitado por 12 meses<\/li>\n<li>Imagens em alta resolu\u00e7\u00e3o aprimoradas com iA<\/li>\n<li>PDF sem marca d'\u00e1gua nas imagens<\/li>\n<li>Impress\u00f5es nos formatos A4 e A5<\/li>\n<li>Pode imprimir e revender em uma loja f\u00edsica<\/li>\n<\/ul>\n<p>\ud83d\udce5 <a href=\"https:\/\/zencreative.art\/free-printable-coloring-pages.pdf\" target=\"_blank\" rel=\"noopener\"><strong>PDF demonstra\u00e7\u00e3o gr\u00e1tis. Baixe aqui!<\/strong><\/a><\/p>","protected":false},"featured_media":1637,"template":"","meta":[],"product_brand":[],"product_cat":[15,193,192,188],"product_tag":[],"class_list":{"0":"post-1636","1":"product","2":"type-product","3":"status-publish","4":"has-post-thumbnail","6":"product_cat-coloring-pages-for-kids","7":"product_cat-coloring-pages-for-boys","8":"product_cat-coloring-pages-for-girls","9":"product_cat-disney-coloring-pages","11":"first","12":"instock","13":"sale","14":"downloadable","15":"virtual","16":"purchasable","17":"product-type-simple"},"_links":{"self":[{"href":"https:\/\/zencreative.art\/pt\/wp-json\/wp\/v2\/product\/1636","targetHints":{"allow":["GET"]}}],"collection":[{"href":"https:\/\/zencreative.art\/pt\/wp-json\/wp\/v2\/product"}],"about":[{"href":"https:\/\/zencreative.art\/pt\/wp-json\/wp\/v2\/types\/product"}],"version-history":[{"count":0,"href":"https:\/\/zencreative.art\/pt\/wp-json\/wp\/v2\/product\/1636\/revisions"}],"wp:featuredmedia":[{"embeddable":true,"href":"https:\/\/zencreative.art\/pt\/wp-json\/wp\/v2\/media\/1637"}],"wp:attachment":[{"href":"https:\/\/zencreative.art\/pt\/wp-json\/wp\/v2\/media?parent=1636"}],"wp:term":[{"taxonomy":"product_brand","embeddable":true,"href":"https:\/\/zencreative.art\/pt\/wp-json\/wp\/v2\/product_brand?post=1636"},{"taxonomy":"product_cat","embeddable":true,"href":"https:\/\/zencreative.art\/pt\/wp-json\/wp\/v2\/product_cat?post=1636"},{"taxonomy":"product_tag","embeddable":true,"href":"https:\/\/zencreative.art\/pt\/wp-json\/wp\/v2\/product_tag?post=1636"}],"curies":[{"name":"wp","href":"https:\/\/api.w.org\/{rel}","templated":true}]}}