{"id":646,"date":"2022-05-10T05:18:27","date_gmt":"2022-05-10T05:18:27","guid":{"rendered":"https:\/\/pressmart.presslayouts.com\/dummy\/?page_id=646"},"modified":"2026-01-30T18:17:53","modified_gmt":"2026-01-30T21:17:53","slug":"vistos-recentemente","status":"publish","type":"page","link":"https:\/\/zencreative.art\/pt\/vistos-recentemente\/","title":{"rendered":"Vistos recentemente"},"content":{"rendered":"<div data-elementor-type=\"wp-page\" data-elementor-id=\"646\" class=\"elementor elementor-646\">\n\t\t\t\t\t\t<section class=\"elementor-section elementor-top-section elementor-element elementor-element-efcb4b8 elementor-section-boxed elementor-section-height-default elementor-section-height-default\" data-id=\"efcb4b8\" data-element_type=\"section\" data-e-type=\"section\">\n\t\t\t\t\t\t<div class=\"elementor-container elementor-column-gap-default\">\n\t\t\t\t\t<div class=\"elementor-column elementor-col-100 elementor-top-column elementor-element elementor-element-4fb34d5\" data-id=\"4fb34d5\" data-element_type=\"column\" data-e-type=\"column\">\n\t\t\t<div class=\"elementor-widget-wrap elementor-element-populated\">\n\t\t\t\t\t\t<div class=\"elementor-element elementor-element-af8241b elementor-widget elementor-widget-pressmart-heading\" data-id=\"af8241b\" data-element_type=\"widget\" data-e-type=\"widget\" data-widget_type=\"pressmart-heading.default\">\n\t\t\t\t<div class=\"elementor-widget-container\">\n\t\t\t\t\t<div id=\"pressmart-header-19422\" class=\"pressmart-element pressmart-heading text-center separator-underline separator-between-heading\">\t\n\t\t\t\n\t\t\t<div class=\"heading-wrap\">\n\t\t\t<span class=\"separator-left\"><\/span>\n\t\t\t<h3 class=\"heading-title\">Recently Viewed Products<\/h3>\t\t\t<span class=\"separator-right\"><\/span>\n\t\t\t\t\t<\/div>\n\t\t\n    <\/div>\t\t\t\t<\/div>\n\t\t\t\t<\/div>\n\t\t\t\t\t<\/div>\n\t\t<\/div>\n\t\t\t\t\t<\/div>\n\t\t<\/section>\n\t\t\t\t<\/div>","protected":false},"excerpt":{"rendered":"<p>Recently Viewed Products New58% Off 34 Desenhos Gabby\u2019s Dollhouse Para Colorir &#8211; Imprimir PDF Summary: \ud83e\udde0 Colorir desenhos \u00e9 uma atividade divertida, criativa, melhora a coordena\u00e7\u00e3o motora, passa tempo relaxante<\/p>","protected":false},"author":1,"featured_media":0,"parent":0,"menu_order":0,"comment_status":"closed","ping_status":"closed","template":"","meta":{"footnotes":""},"class_list":["post-646","page","type-page","status-publish","hentry"],"_links":{"self":[{"href":"https:\/\/zencreative.art\/pt\/wp-json\/wp\/v2\/pages\/646","targetHints":{"allow":["GET"]}}],"collection":[{"href":"https:\/\/zencreative.art\/pt\/wp-json\/wp\/v2\/pages"}],"about":[{"href":"https:\/\/zencreative.art\/pt\/wp-json\/wp\/v2\/types\/page"}],"author":[{"embeddable":true,"href":"https:\/\/zencreative.art\/pt\/wp-json\/wp\/v2\/users\/1"}],"replies":[{"embeddable":true,"href":"https:\/\/zencreative.art\/pt\/wp-json\/wp\/v2\/comments?post=646"}],"version-history":[{"count":0,"href":"https:\/\/zencreative.art\/pt\/wp-json\/wp\/v2\/pages\/646\/revisions"}],"wp:attachment":[{"href":"https:\/\/zencreative.art\/pt\/wp-json\/wp\/v2\/media?parent=646"}],"curies":[{"name":"wp","href":"https:\/\/api.w.org\/{rel}","templated":true}]}}