{"id":611,"date":"2022-05-07T11:27:33","date_gmt":"2022-05-07T11:27:33","guid":{"rendered":"https:\/\/pressmart.presslayouts.com\/dummy\/?page_id=611"},"modified":"2026-02-16T20:11:11","modified_gmt":"2026-02-16T23:11:11","slug":"contato","status":"publish","type":"page","link":"https:\/\/zencreative.art\/pt\/contato\/","title":{"rendered":"Contato"},"content":{"rendered":"<div data-elementor-type=\"wp-page\" data-elementor-id=\"611\" class=\"elementor elementor-611\">\n\t\t\t\t\t\t<section class=\"elementor-section elementor-top-section elementor-element elementor-element-a6be038 elementor-section-boxed elementor-section-height-default elementor-section-height-default\" data-id=\"a6be038\" data-element_type=\"section\" data-e-type=\"section\">\n\t\t\t\t\t\t<div class=\"elementor-container elementor-column-gap-default\">\n\t\t\t\t\t<div class=\"elementor-column elementor-col-50 elementor-top-column elementor-element elementor-element-9de0d62\" data-id=\"9de0d62\" data-element_type=\"column\" data-e-type=\"column\">\n\t\t\t<div class=\"elementor-widget-wrap elementor-element-populated\">\n\t\t\t\t\t\t<div class=\"elementor-element elementor-element-8f3d5c1 elementor-widget elementor-widget-pressmart-heading\" data-id=\"8f3d5c1\" data-element_type=\"widget\" data-e-type=\"widget\" data-widget_type=\"pressmart-heading.default\">\n\t\t\t\t<div class=\"elementor-widget-container\">\n\t\t\t\t\t<div id=\"pressmart-header-14472\" class=\"pressmart-element pressmart-heading text-left separator-none separator-between-heading\">\t\n\t\t\t\n\t\t\t<div class=\"heading-wrap\">\n\t\t\t<span class=\"separator-left\"><\/span>\n\t\t\t<h2 class=\"heading-title\">Contato<\/h2>\t\t\t<span class=\"separator-right\"><\/span>\n\t\t\t\t\t<\/div>\n\t\t\n    \t\t<div class=\"heading-tagline\"> Perguntas ou solicita\u00e7\u00f5es de suporte s\u00e3o sempre bem-vindas.\nEntre em contato e responderemos com aten\u00e7\u00e3o. <\/div>\n\t<\/div>\t\t\t\t<\/div>\n\t\t\t\t<\/div>\n\t\t\t\t<div class=\"elementor-element elementor-element-2b00c61 elementor-widget elementor-widget-pressmart-infobox\" data-id=\"2b00c61\" data-element_type=\"widget\" data-e-type=\"widget\" data-widget_type=\"pressmart-infobox.default\">\n\t\t\t\t<div class=\"elementor-widget-container\">\n\t\t\t\t\t<div id=\"pressmart-info-box-34877\" class=\"pressmart-element pressmart-info-box icon-effect-none icon-custom icon-left color-scheme-inherit hover-color-scheme-inherit\">\n\t<div class=\"info-box-wrap\"  >\n\t\t<div class=\"box-icon-wrap\">\n\t\t\t\t\t\t\t<div class=\"info-box-icon\"><i aria-hidden=\"true\" class=\"picon picon-location-pin\"><\/i><\/div>\n\t\t\t\t\t<\/div>\n\t\t<div class=\"info-box-content\">\n\t\t\t\t\t\t\t\t\t\t<div class=\"info-box-title mb\" >\t\t\t\t\n\t\t\t\t\t<h5>Escrit\u00f3rio<\/h5>\t\t\t\t\t\n\t\t\t\t<\/div>\n\t\t\t\t\t\t\t\t\t\t<div class=\"info-box-description mb\">\n\t\t\t\t\t<p>Brasil<\/p>\n\t\t\t\t<\/div>\n\t\t\t\t\t<\/div>\n\t<\/div>\n<\/div>\t\t\t\t<\/div>\n\t\t\t\t<\/div>\n\t\t\t\t<div class=\"elementor-element elementor-element-11dcc07 elementor-widget elementor-widget-pressmart-infobox\" data-id=\"11dcc07\" data-element_type=\"widget\" data-e-type=\"widget\" data-widget_type=\"pressmart-infobox.default\">\n\t\t\t\t<div class=\"elementor-widget-container\">\n\t\t\t\t\t<div id=\"pressmart-info-box-88278\" class=\"pressmart-element pressmart-info-box icon-effect-none icon-custom icon-left color-scheme-inherit hover-color-scheme-inherit\">\n\t<div class=\"info-box-wrap\"  >\n\t\t<div class=\"box-icon-wrap\">\n\t\t\t\t\t\t\t<div class=\"info-box-icon\"><i aria-hidden=\"true\" class=\"picon picon-whatsapp\"><\/i><\/div>\n\t\t\t\t\t<\/div>\n\t\t<div class=\"info-box-content\">\n\t\t\t\t\t\t\t\t\t\t<div class=\"info-box-title mb\" >\t\t\t\t\n\t\t\t\t\t<h5>WhatsApp<\/h5>\t\t\t\t\t\n\t\t\t\t<\/div>\n\t\t\t\t\t\t\t\t\t\t<div class=\"info-box-description mb\">\n\t\t\t\t\t<p>38 997387785<\/p>\n\t\t\t\t<\/div>\n\t\t\t\t\t\t\t<div class=\"info-box-btn pressmart-button\">\n\t\t\t\t\t<a href=\"https:\/\/wa.me\/5538997387785?text=ZenCreative.art\" target=\"_blank\" class=\"button btn-style-flat btn-shape-square\" rel=\"noopener\">Enviar mensagem<\/a>\n\t\t\t\t<\/div>\n\t\t\t\t\t<\/div>\n\t<\/div>\n<\/div>\t\t\t\t<\/div>\n\t\t\t\t<\/div>\n\t\t\t\t\t<\/div>\n\t\t<\/div>\n\t\t\t\t<div class=\"elementor-column elementor-col-50 elementor-top-column elementor-element elementor-element-3d1a383\" data-id=\"3d1a383\" data-element_type=\"column\" data-e-type=\"column\">\n\t\t\t<div class=\"elementor-widget-wrap elementor-element-populated\">\n\t\t\t\t\t\t<div class=\"elementor-element elementor-element-f113568 elementor-widget elementor-widget-text-editor\" data-id=\"f113568\" data-element_type=\"widget\" data-e-type=\"widget\" data-widget_type=\"text-editor.default\">\n\t\t\t\t\t\t\t\t\tPor favor, preencha os campos abaixo corretamente. Responderemos \u00e0 sua mensagem o mais breve poss\u00edvel.\t\t\t\t\t\t\t\t<\/div>\n\t\t\t\t<div class=\"elementor-element elementor-element-2dd7e44 elementor-widget elementor-widget-text-editor\" data-id=\"2dd7e44\" data-element_type=\"widget\" data-e-type=\"widget\" data-widget_type=\"text-editor.default\">\n\t\t\t\t\t\t\t\t\t<p class=\"wpcf7-contact-form-not-found\"><strong>Erro:<\/strong> Formul\u00e1rio de contato n\u00e3o encontrado.<\/p>\t\t\t\t\t\t\t\t<\/div>\n\t\t\t\t\t<\/div>\n\t\t<\/div>\n\t\t\t\t\t<\/div>\n\t\t<\/section>\n\t\t\t\t<\/div>","protected":false},"excerpt":{"rendered":"<p>Contact Info Questions or support requests are always welcome. Please reach out and we\u2019ll get back to you with care. Desk Brasil WhatsApp 38 997387785 Send message Please fill in<\/p>","protected":false},"author":1,"featured_media":0,"parent":0,"menu_order":0,"comment_status":"closed","ping_status":"closed","template":"","meta":{"footnotes":""},"class_list":["post-611","page","type-page","status-publish","hentry"],"_links":{"self":[{"href":"https:\/\/zencreative.art\/pt\/wp-json\/wp\/v2\/pages\/611","targetHints":{"allow":["GET"]}}],"collection":[{"href":"https:\/\/zencreative.art\/pt\/wp-json\/wp\/v2\/pages"}],"about":[{"href":"https:\/\/zencreative.art\/pt\/wp-json\/wp\/v2\/types\/page"}],"author":[{"embeddable":true,"href":"https:\/\/zencreative.art\/pt\/wp-json\/wp\/v2\/users\/1"}],"replies":[{"embeddable":true,"href":"https:\/\/zencreative.art\/pt\/wp-json\/wp\/v2\/comments?post=611"}],"version-history":[{"count":0,"href":"https:\/\/zencreative.art\/pt\/wp-json\/wp\/v2\/pages\/611\/revisions"}],"wp:attachment":[{"href":"https:\/\/zencreative.art\/pt\/wp-json\/wp\/v2\/media?parent=611"}],"curies":[{"name":"wp","href":"https:\/\/api.w.org\/{rel}","templated":true}]}}