{"id":606,"date":"2022-05-07T09:33:37","date_gmt":"2022-05-07T09:33:37","guid":{"rendered":"https:\/\/pressmart.presslayouts.com\/dummy\/?page_id=606"},"modified":"2026-01-30T10:59:38","modified_gmt":"2026-01-30T13:59:38","slug":"quem-somos","status":"publish","type":"page","link":"https:\/\/zencreative.art\/pt\/quem-somos\/","title":{"rendered":"Quem somos"},"content":{"rendered":"<div data-elementor-type=\"wp-page\" data-elementor-id=\"606\" class=\"elementor elementor-606\">\n\t\t\t\t\t\t<section class=\"elementor-section elementor-top-section elementor-element elementor-element-94260c5 elementor-section-content-middle elementor-section-boxed elementor-section-height-default elementor-section-height-default\" data-id=\"94260c5\" data-element_type=\"section\" data-e-type=\"section\">\n\t\t\t\t\t\t<div class=\"elementor-container elementor-column-gap-default\">\n\t\t\t\t\t<div class=\"elementor-column elementor-col-100 elementor-top-column elementor-element elementor-element-ac54b9c\" data-id=\"ac54b9c\" data-element_type=\"column\" data-e-type=\"column\">\n\t\t\t<div class=\"elementor-widget-wrap elementor-element-populated\">\n\t\t\t\t\t\t<div class=\"elementor-element elementor-element-053d306 elementor-widget elementor-widget-pressmart-heading\" data-id=\"053d306\" data-element_type=\"widget\" data-e-type=\"widget\" data-widget_type=\"pressmart-heading.default\">\n\t\t\t\t<div class=\"elementor-widget-container\">\n\t\t\t\t\t<div id=\"pressmart-header-51111\" class=\"pressmart-element pressmart-heading text-left separator-none separator-between-heading\">\t\n\t\t\t\n\t\t\t<div class=\"heading-wrap\">\n\t\t\t<span class=\"separator-left\"><\/span>\n\t\t\t<h2 class=\"heading-title\">Sobre a Zen Creative<\/h2>\t\t\t<span class=\"separator-right\"><\/span>\n\t\t\t\t\t<\/div>\n\t\t\n    <\/div>\t\t\t\t<\/div>\n\t\t\t\t<\/div>\n\t\t\t\t<div class=\"elementor-element elementor-element-32ac745 elementor-widget elementor-widget-text-editor\" data-id=\"32ac745\" data-element_type=\"widget\" data-e-type=\"widget\" data-widget_type=\"text-editor.default\">\n\t\t\t\t\t\t\t\t\t<p><a href=\"https:\/\/zencreative.art\/pt\/\" target=\"_blank\" rel=\"noopener\">Zen Creative<\/a> foi criado como um espa\u00e7o de tranquilidade em um mundo barulhento.<\/p><p>Acreditamos que a arte n\u00e3o precisa ser produtiva, impressionante ou perfeita para ser significativa.<br \/>\u00c0s vezes, a arte \u00e9 simplesmente uma forma de desacelerar, respirar e se reconectar com o momento presente.<\/p><p>A Zen Creative dedica-se a pr\u00e1ticas art\u00edsticas conscientes, concebidas para promover a calma mental, o equil\u00edbrio emocional e a criatividade suave. Nosso trabalho \u00e9 intencionalmente simples, aberto e sem pressa \u2013 para que sua mente possa descansar enquanto suas m\u00e3os criam.<\/p><p>Este projeto nasceu de anos de pr\u00e1tica art\u00edstica e da observa\u00e7\u00e3o de como a criatividade pode se tornar um ref\u00fagio em vez de uma exig\u00eancia. Aqui, a arte n\u00e3o se trata de performance. Trata-se de presen\u00e7a.<\/p><p>Criamos experi\u00eancias de arte digital que podem ser usadas a qualquer hora e em qualquer lugar - momentos de tranquilidade aos quais voc\u00ea pode retornar quando a vida parecer avassaladora.<\/p><p>Zen Creative n\u00e3o \u00e9 terapia.<br \/>Mas foi criado com cuidado, inten\u00e7\u00e3o e respeito pela mente humana.<\/p><p>Bem-vindo(a) a uma forma mais suave de criar.<\/p>\t\t\t\t\t\t\t\t<\/div>\n\t\t\t\t\t<\/div>\n\t\t<\/div>\n\t\t\t\t\t<\/div>\n\t\t<\/section>\n\t\t\t\t<\/div>","protected":false},"excerpt":{"rendered":"<p>About Zen Creative Zen Creative was created as a quiet space in a noisy world. We believe that art doesn\u2019t have to be productive, impressive, or perfect to be meaningful.Sometimes,<\/p>","protected":false},"author":1,"featured_media":0,"parent":0,"menu_order":0,"comment_status":"closed","ping_status":"closed","template":"","meta":{"footnotes":""},"class_list":["post-606","page","type-page","status-publish","hentry"],"_links":{"self":[{"href":"https:\/\/zencreative.art\/pt\/wp-json\/wp\/v2\/pages\/606","targetHints":{"allow":["GET"]}}],"collection":[{"href":"https:\/\/zencreative.art\/pt\/wp-json\/wp\/v2\/pages"}],"about":[{"href":"https:\/\/zencreative.art\/pt\/wp-json\/wp\/v2\/types\/page"}],"author":[{"embeddable":true,"href":"https:\/\/zencreative.art\/pt\/wp-json\/wp\/v2\/users\/1"}],"replies":[{"embeddable":true,"href":"https:\/\/zencreative.art\/pt\/wp-json\/wp\/v2\/comments?post=606"}],"version-history":[{"count":0,"href":"https:\/\/zencreative.art\/pt\/wp-json\/wp\/v2\/pages\/606\/revisions"}],"wp:attachment":[{"href":"https:\/\/zencreative.art\/pt\/wp-json\/wp\/v2\/media?parent=606"}],"curies":[{"name":"wp","href":"https:\/\/api.w.org\/{rel}","templated":true}]}}