{"id":1636,"date":"2026-02-18T17:31:19","date_gmt":"2026-02-18T20:31:19","guid":{"rendered":"https:\/\/zencreative.art\/?post_type=product&#038;p=1636"},"modified":"2026-03-03T09:19:57","modified_gmt":"2026-03-03T12:19:57","slug":"moana-dibujos-para-colorear","status":"publish","type":"product","link":"https:\/\/zencreative.art\/es\/moana-dibujos-para-colorear\/","title":{"rendered":"Moana Princesa Disney Dibujos Para Colorear - Imprimir PDF"},"content":{"rendered":"<div data-elementor-type=\"wp-post\" data-elementor-id=\"1636\" class=\"elementor elementor-1636\">\n\t\t\t\t<div class=\"elementor-element elementor-element-5dd7a41 e-flex e-con-boxed e-con e-parent\" data-id=\"5dd7a41\" data-element_type=\"container\" data-e-type=\"container\">\n\t\t\t\t\t<div class=\"e-con-inner\">\n\t\t<div class=\"elementor-element elementor-element-f0d4a5d e-con-full e-flex e-con e-child\" data-id=\"f0d4a5d\" data-element_type=\"container\" data-e-type=\"container\">\n\t\t\t\t<div class=\"elementor-element elementor-element-7a16cc4 elementor-widget elementor-widget-heading\" data-id=\"7a16cc4\" data-element_type=\"widget\" data-e-type=\"widget\" data-widget_type=\"heading.default\">\n\t\t\t\t\t<h2 class=\"elementor-heading-title elementor-size-default\">Moana princesa Disney 40 dibujos para colorear para ni\u00f1os<\/h2>\t\t\t\t<\/div>\n\t\t\t\t<div class=\"elementor-element elementor-element-c06ae6f elementor-widget elementor-widget-text-editor\" data-id=\"c06ae6f\" data-element_type=\"widget\" data-e-type=\"widget\" data-widget_type=\"text-editor.default\">\n\t\t\t\t\t\t\t\t\t<p><strong>Dibujos para colorear y pintar<\/strong> no es solo una actividad divertida, sino tambi\u00e9n una excelente manera de estimular el cerebro, calmar la mente, mejorar la coordinaci\u00f3n motora y la creatividad. Puedes crear combinaciones de colores \u00fanicas, probar diferentes t\u00e9cnicas y dejar fluir tu creatividad.<\/p><p><a href=\"https:\/\/zencreative.art\/free-printable-coloring-pages.pdf\" target=\"_blank\" rel=\"noopener\"><strong>Demostraci\u00f3n gratuita en PDF. \u00a1Desc\u00e1rgala aqu\u00ed!<\/strong><\/a><\/p>\t\t\t\t\t\t\t\t<\/div>\n\t\t\t\t<\/div>\n\t\t<div class=\"elementor-element elementor-element-d7684cf e-con-full e-flex e-con e-child\" data-id=\"d7684cf\" data-element_type=\"container\" data-e-type=\"container\">\n\t\t\t\t<div class=\"elementor-element elementor-element-c1b8e21 elementor-widget elementor-widget-video\" data-id=\"c1b8e21\" data-element_type=\"widget\" data-e-type=\"widget\" data-settings=\"{&quot;youtube_url&quot;:&quot;https:\\\/\\\/youtu.be\\\/By6MX_SRY84&quot;,&quot;video_type&quot;:&quot;youtube&quot;,&quot;controls&quot;:&quot;yes&quot;}\" data-widget_type=\"video.default\">\n\t\t\t\t\t\t\t<div class=\"elementor-wrapper elementor-open-inline\">\n\t\t\t<div class=\"elementor-video\"><\/div>\t\t<\/div>\n\t\t\t\t\t\t<\/div>\n\t\t\t\t<\/div>\n\t\t\t\t\t<\/div>\n\t\t\t\t<\/div>\n\t\t<div class=\"elementor-element elementor-element-11886660 e-flex e-con-boxed e-con e-parent\" data-id=\"11886660\" data-element_type=\"container\" data-e-type=\"container\">\n\t\t\t\t\t<div class=\"e-con-inner\">\n\t\t\t\t<div class=\"elementor-element elementor-element-9aa9b34 elementor-widget elementor-widget-heading\" data-id=\"9aa9b34\" data-element_type=\"widget\" data-e-type=\"widget\" data-widget_type=\"heading.default\">\n\t\t\t\t\t<h2 class=\"elementor-heading-title elementor-size-default\">Beneficios de dibujos para colorear para ni\u00f1os - PDF imprimible<\/h2>\t\t\t\t<\/div>\n\t\t\t\t<div class=\"elementor-element elementor-element-61debdd2 elementor-widget elementor-widget-text-editor\" data-id=\"61debdd2\" data-element_type=\"widget\" data-e-type=\"widget\" data-widget_type=\"text-editor.default\">\n\t\t\t\t\t\t\t\t\t<ul><li>Acceso inmediato tras la confirmaci\u00f3n del pago<\/li><li>Descarga f\u00e1cil e ilimitada durante 12 meses<\/li><li>Im\u00e1genes de alta resoluci\u00f3n mejoradas con iA<\/li><li>PDF sin marcas de agua en las im\u00e1genes<\/li><li>Imprimible en formato A4 (21x30cm) o A5 (15x21cm)<\/li><li>Se puede imprimir para revender en tiendas f\u00edsicas<\/li><li>Perfecto para profesores, padres y amantes del arte<\/li><\/ul><p>Tras la confirmaci\u00f3n del pago, podr\u00e1 acceder a su pedido a trav\u00e9s del Panel de Cliente. Tambi\u00e9n le enviaremos una copia a su correo electr\u00f3nico.<\/p>\t\t\t\t\t\t\t\t<\/div>\n\t\t\t\t<div class=\"elementor-element elementor-element-304b837 elementor-widget elementor-widget-heading\" data-id=\"304b837\" data-element_type=\"widget\" data-e-type=\"widget\" data-widget_type=\"heading.default\">\n\t\t\t\t\t<h2 class=\"elementor-heading-title elementor-size-default\">Dibujos para colorear son m\u00e1s que una actividad creativa<\/h2>\t\t\t\t<\/div>\n\t\t\t\t<div class=\"elementor-element elementor-element-8949c00 elementor-widget elementor-widget-text-editor\" data-id=\"8949c00\" data-element_type=\"widget\" data-e-type=\"widget\" data-widget_type=\"text-editor.default\">\n\t\t\t\t\t\t\t\t\t<p>Es un momento de pausa, concentraci\u00f3n y presencia.<\/p><p>Al colorear, relajas tu mente, ejercitas tu coordinaci\u00f3n motora y transformas tu tiempo libre en un ritual relajante, accesible para todas las edades y niveles de experiencia.<\/p><p>Deja de perder el tiempo buscando im\u00e1genes aleatorias y de baja calidad en l\u00ednea; aqu\u00ed encontrar\u00e1s colecciones cuidadosamente seleccionadas con temas dise\u00f1ados para inspirar calma, creatividad y bienestar, todo en un solo lugar.<\/p><p>Seguro que disfrutar\u00e1s de esta colecci\u00f3n de dibujos para colorear y pintar.<\/p>\t\t\t\t\t\t\t\t<\/div>\n\t\t\t\t\t<\/div>\n\t\t\t\t<\/div>\n\t\t\t\t<\/div>","protected":false},"excerpt":{"rendered":"<h3>40 Coloring pages for kids &#8211; Moana<\/h3>\n<p>\ud83e\udde0 Dibujos para colorear es una pausa creativa. Una forma sencilla de relajarse, desconectar y transformar el tiempo en presencia.<\/p>\n<p>\ud83d\ude0c Se acab\u00f3 perder el tiempo buscando im\u00e1genes aleatorias y de baja calidad en internet. Aqu\u00ed encontrar\u00e1s colecciones cuidadosamente seleccionadas, todas en un solo lugar.<\/p>\n<h4>Beneficios para usted<\/h4>\n<ul>\n<li>Descargar inmediatamente despu\u00e9s de la confirmaci\u00f3n del pago<\/li>\n<li>Descargas f\u00e1ciles e ilimitadas durante 12 meses<\/li>\n<li>Im\u00e1genes de alta resoluci\u00f3n mejoradas con iA<\/li>\n<li>PDF sin marcas de agua en las im\u00e1genes<\/li>\n<li>Impresiones en formatos A4 y A5<\/li>\n<li>Puedes imprimirlo y revenderlo en una tienda f\u00edsica<\/li>\n<\/ul>\n<p>\ud83d\udce5 <a href=\"https:\/\/zencreative.art\/free-printable-coloring-pages.pdf\" target=\"_blank\" rel=\"noopener\"><strong>Demostraci\u00f3n gratuita en PDF. \u00a1Desc\u00e1rgala aqu\u00ed!<\/strong><\/a><\/p>","protected":false},"featured_media":1637,"template":"","meta":[],"product_brand":[],"product_cat":[15,193,192,188],"product_tag":[],"class_list":{"0":"post-1636","1":"product","2":"type-product","3":"status-publish","4":"has-post-thumbnail","6":"product_cat-coloring-pages-for-kids","7":"product_cat-coloring-pages-for-boys","8":"product_cat-coloring-pages-for-girls","9":"product_cat-disney-coloring-pages","11":"first","12":"instock","13":"sale","14":"downloadable","15":"virtual","16":"purchasable","17":"product-type-simple"},"_links":{"self":[{"href":"https:\/\/zencreative.art\/es\/wp-json\/wp\/v2\/product\/1636","targetHints":{"allow":["GET"]}}],"collection":[{"href":"https:\/\/zencreative.art\/es\/wp-json\/wp\/v2\/product"}],"about":[{"href":"https:\/\/zencreative.art\/es\/wp-json\/wp\/v2\/types\/product"}],"version-history":[{"count":0,"href":"https:\/\/zencreative.art\/es\/wp-json\/wp\/v2\/product\/1636\/revisions"}],"wp:featuredmedia":[{"embeddable":true,"href":"https:\/\/zencreative.art\/es\/wp-json\/wp\/v2\/media\/1637"}],"wp:attachment":[{"href":"https:\/\/zencreative.art\/es\/wp-json\/wp\/v2\/media?parent=1636"}],"wp:term":[{"taxonomy":"product_brand","embeddable":true,"href":"https:\/\/zencreative.art\/es\/wp-json\/wp\/v2\/product_brand?post=1636"},{"taxonomy":"product_cat","embeddable":true,"href":"https:\/\/zencreative.art\/es\/wp-json\/wp\/v2\/product_cat?post=1636"},{"taxonomy":"product_tag","embeddable":true,"href":"https:\/\/zencreative.art\/es\/wp-json\/wp\/v2\/product_tag?post=1636"}],"curies":[{"name":"wp","href":"https:\/\/api.w.org\/{rel}","templated":true}]}}