{"id":606,"date":"2022-05-07T09:33:37","date_gmt":"2022-05-07T09:33:37","guid":{"rendered":"https:\/\/pressmart.presslayouts.com\/dummy\/?page_id=606"},"modified":"2026-01-30T10:59:38","modified_gmt":"2026-01-30T13:59:38","slug":"quienes-somos","status":"publish","type":"page","link":"https:\/\/zencreative.art\/es\/quienes-somos\/","title":{"rendered":"Quienes somos"},"content":{"rendered":"<div data-elementor-type=\"wp-page\" data-elementor-id=\"606\" class=\"elementor elementor-606\">\n\t\t\t\t\t\t<section class=\"elementor-section elementor-top-section elementor-element elementor-element-94260c5 elementor-section-content-middle elementor-section-boxed elementor-section-height-default elementor-section-height-default\" data-id=\"94260c5\" data-element_type=\"section\" data-e-type=\"section\">\n\t\t\t\t\t\t<div class=\"elementor-container elementor-column-gap-default\">\n\t\t\t\t\t<div class=\"elementor-column elementor-col-100 elementor-top-column elementor-element elementor-element-ac54b9c\" data-id=\"ac54b9c\" data-element_type=\"column\" data-e-type=\"column\">\n\t\t\t<div class=\"elementor-widget-wrap elementor-element-populated\">\n\t\t\t\t\t\t<div class=\"elementor-element elementor-element-053d306 elementor-widget elementor-widget-pressmart-heading\" data-id=\"053d306\" data-element_type=\"widget\" data-e-type=\"widget\" data-widget_type=\"pressmart-heading.default\">\n\t\t\t\t<div class=\"elementor-widget-container\">\n\t\t\t\t\t<div id=\"pressmart-header-65934\" class=\"pressmart-element pressmart-heading text-left separator-none separator-between-heading\">\t\n\t\t\t\n\t\t\t<div class=\"heading-wrap\">\n\t\t\t<span class=\"separator-left\"><\/span>\n\t\t\t<h2 class=\"heading-title\">Acerca de Zen Creative<\/h2>\t\t\t<span class=\"separator-right\"><\/span>\n\t\t\t\t\t<\/div>\n\t\t\n    <\/div>\t\t\t\t<\/div>\n\t\t\t\t<\/div>\n\t\t\t\t<div class=\"elementor-element elementor-element-32ac745 elementor-widget elementor-widget-text-editor\" data-id=\"32ac745\" data-element_type=\"widget\" data-e-type=\"widget\" data-widget_type=\"text-editor.default\">\n\t\t\t\t\t\t\t\t\t<p><a href=\"https:\/\/zencreative.art\/es\/\" target=\"_blank\" rel=\"noopener\">Zen Creative<\/a> fue creado como un espacio tranquilo en un mundo ruidoso.<\/p><p>Creemos que el arte no tiene que ser productivo, impresionante o perfecto para ser significativo.<br \/>A veces, el arte es simplemente una forma de reducir la velocidad, respirar y reconectarse con el momento presente.<\/p><p>Zen Creative se dedica a pr\u00e1cticas art\u00edsticas conscientes dise\u00f1adas para fomentar la calma mental, el equilibrio emocional y la creatividad apacible. Nuestro trabajo es intencionadamente sencillo, abierto y sin prisas, para que tu mente descanse mientras tus manos crean.<\/p><p>Este proyecto naci\u00f3 de a\u00f1os de pr\u00e1ctica art\u00edstica y de la observaci\u00f3n de c\u00f3mo la creatividad puede convertirse en un refugio, en lugar de una exigencia. Aqu\u00ed, el arte no se trata de performance. Se trata de presencia.<\/p><p>Creamos experiencias de arte digital que pueden usarse en cualquier momento y en cualquier lugar: momentos de quietud a los que puedes regresar cuando la vida se siente abrumadora.<\/p><p>Zen Creative no es terapia.<br \/>Pero est\u00e1 creado con cuidado, intenci\u00f3n y respeto por la mente humana.<\/p><p>Bienvenido a una forma m\u00e1s suave de crear.<\/p>\t\t\t\t\t\t\t\t<\/div>\n\t\t\t\t\t<\/div>\n\t\t<\/div>\n\t\t\t\t\t<\/div>\n\t\t<\/section>\n\t\t\t\t<\/div>","protected":false},"excerpt":{"rendered":"<p>About Zen Creative Zen Creative was created as a quiet space in a noisy world. We believe that art doesn\u2019t have to be productive, impressive, or perfect to be meaningful.Sometimes,<\/p>","protected":false},"author":1,"featured_media":0,"parent":0,"menu_order":0,"comment_status":"closed","ping_status":"closed","template":"","meta":{"footnotes":""},"class_list":["post-606","page","type-page","status-publish","hentry"],"_links":{"self":[{"href":"https:\/\/zencreative.art\/es\/wp-json\/wp\/v2\/pages\/606","targetHints":{"allow":["GET"]}}],"collection":[{"href":"https:\/\/zencreative.art\/es\/wp-json\/wp\/v2\/pages"}],"about":[{"href":"https:\/\/zencreative.art\/es\/wp-json\/wp\/v2\/types\/page"}],"author":[{"embeddable":true,"href":"https:\/\/zencreative.art\/es\/wp-json\/wp\/v2\/users\/1"}],"replies":[{"embeddable":true,"href":"https:\/\/zencreative.art\/es\/wp-json\/wp\/v2\/comments?post=606"}],"version-history":[{"count":0,"href":"https:\/\/zencreative.art\/es\/wp-json\/wp\/v2\/pages\/606\/revisions"}],"wp:attachment":[{"href":"https:\/\/zencreative.art\/es\/wp-json\/wp\/v2\/media?parent=606"}],"curies":[{"name":"wp","href":"https:\/\/api.w.org\/{rel}","templated":true}]}}