{"id":1268,"date":"2025-07-31T15:21:29","date_gmt":"2025-07-31T18:21:29","guid":{"rendered":"https:\/\/zencreative.art\/?page_id=1268"},"modified":"2026-01-30T11:11:10","modified_gmt":"2026-01-30T14:11:10","slug":"condiciones-de-compra","status":"publish","type":"page","link":"https:\/\/zencreative.art\/es\/condiciones-de-compra\/","title":{"rendered":"Condiciones de Compra"},"content":{"rendered":"<div data-elementor-type=\"wp-page\" data-elementor-id=\"1268\" class=\"elementor elementor-1268\">\n\t\t\t\t<div class=\"elementor-element elementor-element-378d383 e-flex e-con-boxed e-con e-parent\" data-id=\"378d383\" data-element_type=\"container\" data-e-type=\"container\">\n\t\t\t\t\t<div class=\"e-con-inner\">\n\t\t\t\t<div class=\"elementor-element elementor-element-55e759a elementor-widget elementor-widget-heading\" data-id=\"55e759a\" data-element_type=\"widget\" data-e-type=\"widget\" data-widget_type=\"heading.default\">\n\t\t\t\t\t<h2 class=\"elementor-heading-title elementor-size-default\">Condiciones de Compra<\/h2>\t\t\t\t<\/div>\n\t\t\t\t<div class=\"elementor-element elementor-element-2f4f517 elementor-widget elementor-widget-text-editor\" data-id=\"2f4f517\" data-element_type=\"widget\" data-e-type=\"widget\" data-widget_type=\"text-editor.default\">\n\t\t\t\t\t\t\t\t\t<p>Al comprar cualquier producto digital de <a href=\"https:\/\/zencreative.art\/es\/\" target=\"_blank\" rel=\"noopener\">Zen Creative<\/a>, usted acepta los siguientes t\u00e9rminos:<\/p><h3>1. Producto digital<\/h3><p>Todos los productos que se venden en este sitio web son descargas digitales (archivos PDF o similares). No se enviar\u00e1n art\u00edculos f\u00edsicos.<\/p><p>Una vez completado tu pago, recibir\u00e1s acceso a los archivos descargables.<\/p><h3>2. S\u00f3lo para uso personal<\/h3><p>Todos los productos de Zen Creative son solo para uso personal.<\/p><p><strong>Puedes:<\/strong><\/p><ul><li>Descargue e imprima los archivos para su propio uso<\/li><li>\u00dasalos para pr\u00e1cticas creativas o conscientes personales<\/li><\/ul><p><strong>No puedes:<\/strong><\/p><ul><li>Revender, redistribuir, compartir o sublicenciar los archivos<\/li><li>Utilizarlos con fines comerciales<\/li><li>Subelas a otros sitios web, plataformas o grupos<\/li><\/ul><h3>3. Pol\u00edtica de reembolso<\/h3><p>Debido a la naturaleza digital de los productos, todas las ventas son finales.<\/p><p>No ofrecemos reembolsos, cambios ni cancelaciones una vez descargados los archivos. Por favor, revise atentamente las descripciones del producto antes de comprarlo.<\/p><p>Si tiene problemas t\u00e9cnicos para acceder a sus archivos, por favor <a href=\"https:\/\/zencreative.art\/es\/contacto\/\" target=\"_blank\" rel=\"noopener\">ponte en contacto con nosotros<\/a> y le ayudaremos.<\/p><h3>4. Derechos de autor<\/h3><p>Todo el contenido, los dise\u00f1os y los materiales proporcionados por Zen Creative est\u00e1n protegidos por derechos de autor. La compra de un producto no transfiere la propiedad ni los derechos de propiedad intelectual.<\/p><h3>5. Descargo de responsabilidad<\/h3><p>Los productos Zen Creative est\u00e1n pensados \u200b\u200bpara la relajaci\u00f3n, el disfrute creativo y la reflexi\u00f3n personal. No sustituyen ning\u00fan tratamiento m\u00e9dico, psicol\u00f3gico o terap\u00e9utico profesional.<\/p>\t\t\t\t\t\t\t\t<\/div>\n\t\t\t\t\t<\/div>\n\t\t\t\t<\/div>\n\t\t\t\t<\/div>","protected":false},"excerpt":{"rendered":"<p>Terms of Purchase By purchasing any digital product from Zen Creative, you agree to the following terms: 1. Digital Products All products sold on this website are digital downloads (PDF<\/p>","protected":false},"author":1,"featured_media":0,"parent":0,"menu_order":0,"comment_status":"closed","ping_status":"closed","template":"","meta":{"footnotes":""},"class_list":["post-1268","page","type-page","status-publish","hentry"],"_links":{"self":[{"href":"https:\/\/zencreative.art\/es\/wp-json\/wp\/v2\/pages\/1268","targetHints":{"allow":["GET"]}}],"collection":[{"href":"https:\/\/zencreative.art\/es\/wp-json\/wp\/v2\/pages"}],"about":[{"href":"https:\/\/zencreative.art\/es\/wp-json\/wp\/v2\/types\/page"}],"author":[{"embeddable":true,"href":"https:\/\/zencreative.art\/es\/wp-json\/wp\/v2\/users\/1"}],"replies":[{"embeddable":true,"href":"https:\/\/zencreative.art\/es\/wp-json\/wp\/v2\/comments?post=1268"}],"version-history":[{"count":0,"href":"https:\/\/zencreative.art\/es\/wp-json\/wp\/v2\/pages\/1268\/revisions"}],"wp:attachment":[{"href":"https:\/\/zencreative.art\/es\/wp-json\/wp\/v2\/media?parent=1268"}],"curies":[{"name":"wp","href":"https:\/\/api.w.org\/{rel}","templated":true}]}}